{"id":83,"date":"2026-02-18T16:05:11","date_gmt":"2026-02-18T14:05:11","guid":{"rendered":"https:\/\/cherasse.com\/?page_id=83"},"modified":"2026-02-18T16:19:14","modified_gmt":"2026-02-18T14:19:14","slug":"arbre-genealogique","status":"publish","type":"page","link":"https:\/\/cherasse.com\/index.php\/arbre-genealogique\/","title":{"rendered":"Arbre g\u00e9n\u00e9alogique"},"content":{"rendered":"\n<p class=\"has-medium-font-size\">Voici mon arbre g\u00e9n\u00e9alogique<\/p>\n\n\n\n<h1 class=\"wp-block-heading\">1\u00e8re G\u00e9n\u00e9ration<\/h1>\n\n\n\n<p>1 CHERASSE Daniel Claude<br>\u00b0 11 09 1939 Thionne 03<br>x 01 08 1961 Watrelos 59<br>x 26 11 2000 St Julien 69<\/p>\n\n\n\n<h1 class=\"wp-block-heading\">2\u00e8me G\u00e9n\u00e9ration<\/h1>\n\n\n\n<p>2 CHERASSE Henri Marius<br>\u00b0 11 08 1915 Clermont Fd 63<br>x 26 11 1938 \u00e0 Thionne 03<br>+1968 Thionne 03<br><em>boulanger<br><\/em>3 MICHEL Jeanne<br>\u00b0 24 01 1914 St Pour\u00e7ain sB<br>+ 08 07 1963 Thionne 03<\/p>\n\n\n\n<h1 class=\"wp-block-heading\">3\u00e8me G\u00e9n\u00e9ration<\/h1>\n\n\n\n<p>4 CHERASSE Jean<br>\u00b0 29 12 1894 Saint Voir 03<br>x 05 02 1916 Clermont Fd 63<br>+ 01 01 1965 Thionne 03<br><em>boulanger<br><\/em>5 DANIEL Marie, Francine<br>\u00b0 12 09 1894 Saint Voir 03<br>+ 18 05 1971 Thionne 03<\/p>\n\n\n\n<p>6 MICHEL Claude<br>\u00b0 02 08 1872 Beaulon 03<br>x 30 01 1904 St Pour\u00e7ain s B 03<br>+ 1960 Vaumas 03<br><em>agriculteur<br><\/em>7 TALON Fran\u00e7oise (Francine)<br>\u00b0 15 12 1882 St Pour\u00e7ain s B<br>x 14 09 1963 Vaumas<\/p>\n\n\n\n<h1 class=\"wp-block-heading\">4 \u00e8me G\u00e9n\u00e9ration<\/h1>\n\n\n\n<p>8 CHERASSE Charles<br>\u00b0 03 07 1862 Chatelperron 03<br><em>boulanger, h\u00f4telier<\/em><\/p>\n\n\n\n<p>9 METERY Marie (Mariette, Nanon)<br>\u00b0 02 12 1866 Cindr\u00e9 03<br>+ 29 02 1952 Montoldre 03<\/p>\n\n\n\n<p>10 DANIEL Claude<br>\u00b0 14 04 1857 Moulins 03<br>x 08 01 1888 Moulins 03<br><em>charbonnier<br><\/em>11 CHAUSSERON Louise<br>\u00b0 10 03 1852 Moulins 03<br><em>coiffeuse<\/em><\/p>\n\n\n\n<p>12 MICHEL Etienne<br>\u00b0 13 04 1844 Liernolles 03<br>x 30 04 1867 Saligny 03<br><em>cultivateur<br><\/em>13 PEJOUX Beno\u00eete<br>\u00b0 20 11 1847 Saligny 03<\/p>\n\n\n\n<p>14 TALON Jean<br>\u00b0 04 12 1824 Vaumas 03<br>x 19 07 1881 Vaumas 03<br><em>journalier<br><\/em>15 NERON Fran\u00e7oise (Francine)<br>\u00b0 20 10 1844 St Pour\u00e7ain s B<br><em>domestique<\/em><\/p>\n\n\n\n<h1 class=\"wp-block-heading\">5 \u00e8me g\u00e9n\u00e9ration<\/h1>\n\n\n\n<p>16 CHERASSE Jean<br>\u00b0 30 05 1818 Jaligny 03<br>x 25 04 1843 Jaligny 03<br>x 13 10 1849 Sorbiers 03<br>+ 30 08 1874 Thionne 03<br><em>domestique<br><\/em>17 PAPON Marie<br>\u00b0 1828 Varennes s T 03<br>+ 31 07 1909 Thionne 03<br><em>domestique<\/em><\/p>\n\n\n\n<p>18 METERY Claude<br>\u00b0 07 04 1827 Varennes s T 03<br>x 11 02 1861 Varennes s T 03<br><em>domestique agricole \u00e0 Cindr\u00e9<br><\/em>19 BASSOT Fran\u00e7oise<br>\u00b0 11 10 1835 Trezelles 03<br><em>domestique<\/em><\/p>\n\n\n\n<p>20 DANIEL Jean-Baptiste<br>\u00b0 08 10 1825 Moulins 03<br>x 10 01 1854 Moulins 03<br>+ 20 11 1883 Moulins 03<br><em>journalier<br><\/em>21 TONNELIER Catherine<br>\u00b0 26 10 1834 Moulins 03<\/p>\n\n\n\n<p>22 CHAUSSERON Fran\u00e7ois<br>\u00b0 19 11 1820 Moulins 03<br>x 22 11 1847 Moulins 03<br>\u00b0 16 03 1879 Moulins<br><em>tailleur d\u2019habits<br><\/em>23 HUGUET Marie<br>\u00b0 27 05 1829 Moulins<\/p>\n\n\n\n<p>24 MICHEL Gilbert ( ou Philibert)<br>\u00b0 26 04 1808 Liernolles 03<br>x 22 05 1839 Liernolles 03<br><em>cultivateur<br><\/em>25 MEUNIER Jeannette<br>\u00b0 21 02 1815 Liernolles 03<\/p>\n\n\n\n<p>26 PEJOUX Jean<br>\u00b0 17 09 1814 Saligny 03<br>x 26 02 1838 Saligny 03<br><em>laboureur<br><\/em>27 PIESSAT Etiennette<br>\u00b0 07 10 1815 Monetay 03<\/p>\n\n\n\n<p>28 TALON Laurent<br>+ 13 11 1842 Thionne 03<br><em>journalier<br><\/em>29 CHAPEAU Jeanne<br>+ 27 01 1869 Vaumas 03<\/p>\n\n\n\n<p>30 NERON Pierre<br>+ 03 01 1853 Vaumas 03<br>enfant naturel,&nbsp;<em>domestique<br><\/em>31 GRILLET Marie<br>x 23 02 1871 Vaumas 03<\/p>\n\n\n\n<h1 class=\"wp-block-heading\">6 \u00e8me g\u00e9n\u00e9ration<\/h1>\n\n\n\n<p>32 CHERASSE Fran\u00e7ois<br>\u00b0 19 03 1793 Jaligny 03<br>x 15 06 1817 Jaligny 03<br>+ 01 04 1841 Jaligny 03<br><em>cultivateur<br><\/em>33 VERY Beno\u00eete<br>\u00b0 25 11 1797 Jaligny 03<br>+ 14 04 1827 Jaligny 03<\/p>\n\n\n\n<p>34 PAPON Charles<br>\u00b0 29 03 1806<br>x 17 11 1829 Sorbiers 03<br><em>laboureur<br><\/em>35 BRETELLIER Fran\u00e7oise<br>\u00b0 18 03 1807 Sorbiers 03<br><em>domestique<br><\/em>,<br>36 METERY Pierre<br>\u00b0 Varennes sT 03<br>x 30 01 1826<br><em>journalier<br><\/em>37 RESSOT Marie<br>\u00b0 25 09 1796 Varennes sT 03<br><em>locataire<\/em><\/p>\n\n\n\n<p>38 BASSOT Jean<br>\u00b0 05 09 1808 Trezelles 03<br>x 04 11 1834 Trezelles 03<br><em>cultivateur<br><\/em>39 PERICHON Marie<br>\u00b0 26 09 1813<br><em>domestique \u00e0 Varenne s\/ T\u00e8che<\/em><\/p>\n\n\n\n<p>40 DANIEL Louis<br>\u00b0 18 03 1793 Moulins 03<br>x 04 03 1813 Moulins 03<br><em>charbonnier<br><\/em>41 BEGUET Antoinette<br>\u00b0 18 09 1793 Moulins 03<\/p>\n\n\n\n<p>42 TONNELIER Jacques<br>\u00b0 03 10 1802 Moulins<br>x 27 04 1826 TOULON S A 03<br>+ 07 05 1837<br><em>jardinier<br><\/em>43 ROUX Marie<br>\u00b0 17 12 1794 Etroussat 03<br><em>domestique<\/em><\/p>\n\n\n\n<p>44 CHAUSSERON Charles<br>\u00b0 06 01 1790 Moulins 03<br>x 21 11 1810 Moulins 03<br>+ 22 09 1843<br><em>charbonnier \u00e0 Moulins<br><\/em>45 ARTIGAUD Marie<br>\u00b0 17 03 1792 Moulins 03<\/p>\n\n\n\n<p>46 HUGUET Antoine<br>\u00b0 12 01 1797 Po\u00ebzat 03<br>x 20 05 1824 Moulins 03<br><em>tisserand<br><\/em>47 BATRET Anne<br>\u00b0 05 01 1800 Chatel de Neuvre 03<\/p>\n\n\n\n<p>48 MICHEL Beno\u00eet<br>\u00b0 11 08 1768 Thionne 03<br>x 29 04 1805 Lenax 03<br>+ 13 11 1837 Montcombroux 03<br><em>m\u00e9tayer<br><\/em>49 JOLLY Fran\u00e7oise<br>\u00b0 01 05 1780 Lenax 03<br>+ 21 03 1812 Liernolles<br><em>propri\u00e9taire \u00e0 Lenax<\/em><\/p>\n\n\n\n<p>50 MEUNIER Pierre<br>\u00b0 08 12 1776 Le Donjon 03<br>x 09 11 1813 St Didier en D<br><em>laboureur<br><\/em>51 GUERAUD Claudine<br>\u00b0 04 06 1785 St Didier en D<br>+ 04 02 1823 Liernolles 03<\/p>\n\n\n\n<p>52 PEJOUX Claude<br>\u00b0 10 10 1783 \u00e0 Saligny<br>x 19 05 1799 Pierrefitte s\/ Loire<br>53 BIDOLET Marie<br>\u00b0 07 10 1780 \u00e0 Pierrefite s\/ Loire<\/p>\n\n\n\n<p>54 PIESSAT Antoine<br>\u00b0 24 03 1783 Liernolles 03<br>x 13 01 1807 Monetay s L 03<br><em>domestique<br><\/em>55 BARBOT Jeanne<br>\u00b0 29 04 1787 St Didier en D 03<\/p>\n\n\n\n<p>56 TALON Pierre<br>+ 07 12 1804 Vaumas 03<br>57 SENNEPIN Louise<br>x 20 12 1809 Vaumas 03<\/p>\n\n\n\n<p>58 CHAPEAU Jean<br>x 03 07 1787<br>+ 09 04 1804 Thiel 03<br><em>laboureur \u00e0 Lusigny<br><\/em>59 DELODDE Claudine<br>+ 14 12 1806 St Pour\u00e7ain s B<\/p>\n\n\n\n<p>60 inconnu (NEROND ?)<br>61 DUBOIS Catherine<br>+ 21 02 1826<\/p>\n\n\n\n<p>62 GRILLET Jean<br><em>cultivateur<br><\/em>63 JALLET Fran\u00e7oise<br>+ 22 02 1819 Thiel 03<\/p>\n\n\n\n<h1 class=\"wp-block-heading\">7 \u00e8me g\u00e9n\u00e9ration<\/h1>\n\n\n\n<p>64 CHERASSE Jean \u2013 Baptiste<br>\u00b0 27 02 1762 Sorbiers 03<br>x 27 01 1784 Chatelperron 03<br>+ 01 05 1830 Jaligny 03<br><em>laboureur<\/em>,&nbsp;<em>cultivateur<\/em>,&nbsp;<em>propri\u00e9taire<\/em><br>65 CANTAT Jeanne<br>\u00b0 27 07 1767 Chatelperron 03<br>+ 21 04 1830 Jaligny 03<\/p>\n\n\n\n<p>66 VERY (ou VIRY) Jean<br>x 02 09 1788 Chatelperron<br>67 MARIE Antoinette<\/p>\n\n\n\n<p>68 PAPON Jean<br>+ 12 09 1829 Varennes s T<br><em>laboureur<\/em><br>69 CAILLOT Marie<br>+ 07 11 1811 Magnet 03<\/p>\n\n\n\n<p>70 BERTHELIER Gabriel<br>\u00b0 08 12 1777 Sorbiers 03<br>x 25 01 1798 Sorbiers 03<br>+ 08 0101805 \u00e0 Sorbier<br>71 CANTAT Fran\u00e7oise<br>\u00b0 02 09 1777 Trezelles 03<\/p>\n\n\n\n<p>72 METAIRY Fran\u00e7ois<br>x 29 04 1798 Trezelles 03<br>73 BERGER Antoinette<br>+ 04 10 1821 Varennes s T 03<\/p>\n\n\n\n<p>74 RESSAUD Gilbert Denis<br>\u00b0 28 02 1760<br>x 18 06 1793 Varennes s T 03<br><em>laboureur<br><\/em>75 THEVENOUX Fran\u00e7oise<br>(ou THEVENOT)<br>\u00b0 02 04 1765<br><em>domestique<\/em><\/p>\n\n\n\n<p>76 BASSOT Jean<br>+ 13 04 1834 \u00e0 Trezelle<br>77 BENDIS Martine<br>+ 06 05 1831 \u00e0 Trezelle<\/p>\n\n\n\n<p>78 PERICHON Gilbert<br>\u00b0 10 11 1776<br>x 27 02 1797 \u00e0 Varenne s\/ T\u00e8che<br>+ 31 09 1825 \u00e0 Trezelle<br>79 RUET Claudine<br>\u00b0 15 05 1770<br>+ 23 09 1821 \u00e0 Trezelle<\/p>\n\n\n\n<p>80 DANIEL Antoine<br>x 20 04 1784 Moulins 03<br><em>charbonnier \u00e0 Moulins<br><\/em>81 CHOSSERON Suzanne<\/p>\n\n\n\n<p>82 BEGUET Claude<br>x 09 01 1787 Moulins 03<br><em>jardinier<br><\/em>83 GUERRE Marguerite<\/p>\n\n\n\n<p>84 TONNELIER Jean<br>\u00b0 06 06 1768 \u00e0 Moulins<br>x 13 02 1798 \u00e0 Moulins<br>85 SAULZET Catherine<br>\u00b0 09 08 1774 \u00e0 Moulins<\/p>\n\n\n\n<p>86 ROUX Gilbert<br><em>vigneron \u00e0 Etroussat<br><\/em>87 DANIEL Marguerite<br>+ 26 10 1811 Etroussat 03<\/p>\n\n\n\n<p>88 CHAUSSERON Jean<br><em>charbonnier \u00e0 Moulins<br><\/em>89 DUMAS Marie<\/p>\n\n\n\n<p>90 LARTIGAUD Jean<br>ou LARTIGOT ou ARTIGAUD<br>x 26 06 1781 Moulins 03<br><em>domestique \u00e0 Neuvy<br><\/em>91 ROGER Anne<br><em>domestique \u00e0 La Celle 03<\/em><\/p>\n\n\n\n<p>92 HUGUET Jean<br>\u00b0 \u00e0 Gannat<br>+ 27 05 1814<br><em>tisserand<br><\/em>93 RAIMOND Marie<br>\u00b0 \u00e0 Charmes 03<br>+ 12 06 1805<\/p>\n\n\n\n<p>94 BATRET (BATTERET) Antoine<br>\u00b0 01 11 1774 \u00e0 Lafeline<br>x 19 01 1799 \u00e0 Chatel de Neuvre<br><em>journalier \u00e0 Moulins, seviteur \u00e0 gage<br><\/em>95 JUNIER Catherine<br>\u00b0 17 09 1777 \u00e0 Tronget<\/p>\n\n\n\n<p>96 MICHEL Charles<br>x 11 01 1757 \u00e0 Thionne 03<br>97 GUY Anne<\/p>\n\n\n\n<p>98 JOLLY S\u00e9bastien (Bastien)<br>x 18 02 1778 \u00e0 Lenax 03<br>99 DAGAN Jeanne Marie<\/p>\n\n\n\n<p>100 MEUNIER Beno\u00eet<br>+ 06 08 1837 \u00e0 Liernolles 03<br>101 GRAVIERE Jeanne<\/p>\n\n\n\n<p>102 GUERAUD Guillaume<br>x 05 01 1791 St Didier en Donjon<br>103 GRAVIERE Marie<br>+ 05 01 1791 St Didier en Donjon<\/p>\n\n\n\n<p>104 PEJOUX Elie<br>x 12 01 1779 \u00e0 Saligny s\/ Roudon<br><em>propri\u00e9taire \u00e0 Saligny<br><\/em>105 LANGLOIS Jeanne<br><em>propri\u00e9taire \u00e0 Saligny<\/em><\/p>\n\n\n\n<p>106 BIDOLET Valentin<br>x 08 10 1776 \u00e0 Saligny s\/ Roudon<br>+ 13 04 1785 \u00e0 Coulanges<br><em>mar\u00e9chal-ferrand \u00e0 Pierrefite s\/ Loire<br><\/em>107 PEJOUX Marie<br>x 14 08 1791 \u00e0 Saligny<\/p>\n\n\n\n<p>108 PIESSAT Michel<br>x 10 01 1775 Le Donjon (Huillaux)<br>+ 23 10 1794 \u00e0 Liernolles 03<br><em>domestique<br><\/em>109 COULON Etiennette<br>+ 04 11 1789 \u00e0Liernolles 03<br><em>domestique<\/em><\/p>\n\n\n\n<p>110 BARBOT Pierre<br>x 01 02 1780 Le Donjon (Huillaux)<br>111 PARENT Gilberte<\/p>\n\n\n\n<p>112 TALON Maurice<br>x 19 01 1745 \u00e0 Chatelperron<br>laboureur<br>113 RIFFIER Pierrette<\/p>\n\n\n\n<p>114 SENNEPAIN Jacques<br>x 09 01 1742 \u00e0 Vaumas<br>115 CORSIN Louise<\/p>\n\n\n\n<p>116 CHAPEAU Jean<br><em>laboureur<br><\/em>117 MELIORA (MEILHEURAT)Charlotte<\/p>\n\n\n\n<p>118 DELODE Claude<br>119<\/p>\n\n\n\n<p>124 GRILLET Fran\u00e7ois<br>+ 20 10 1808 \u00e0 Chapeau<br><em>charron<br><\/em>125 PACOT Simone<br>+ 29 03 1799<\/p>\n\n\n\n<p>126 JALLET (JALLAIS) Blaise<br>x 05 02 1782 \u00e0 Chapeau<br>+ 08 04 1808 \u00e0 Chapeau<br><em>laboureur<br><\/em>127 PLEDIT Jeanne<\/p>\n\n\n\n<h1 class=\"wp-block-heading\">8 \u00e8me g\u00e9n\u00e9ration<\/h1>\n\n\n\n<p>128 CHERASSE Jean<br>\u00b0 06 03 1714 \u00e0 Bouc\u00e9<br>x 18 08 1744 Chatelperron 03<br>+ 16 04 1784 Chavroches 03<br><em>meunier \u00e0 Chaveroche<br><\/em>129 MINARD Marguerite<br>x 16 01 1780 Chavroches 03<\/p>\n\n\n\n<p>130 CANTAT Pierre<br><em>boulanger aux Joules (Jaligny)<br><\/em>131 MARET Marie<\/p>\n\n\n\n<p>132 VIRY Louis<br>133 SEGAUD Suzanne<\/p>\n\n\n\n<p>134 MARIE Philippe<br>\u00b0 05 01 1735 Chatelperron<br>x 27 01 1761 Chatelperron<br>135 BASSOT Jeanne<br>\u00b0 10 08 1739 Chatelperron<\/p>\n\n\n\n<p>140 BERTHELIER Louis<br><em>charpentier \u00e0 Sorbier 03<br><\/em>141 CHABOT Marianne<\/p>\n\n\n\n<p>142 CANTAT Fran\u00e7ois<br>x 20 01 1761 \u00e0 Sorbier 03<br>143 DUFOUR Anne<\/p>\n\n\n\n<p>144 METERY Denis<br>x 04 02 1766 \u00e0 Trezelles 03<br>+ 14 05 1775<br>145 RUET (RENET ?) Charlotte<\/p>\n\n\n\n<p>146 BERGIE Fran\u00e7ois<br>147 JAME Jeanne<\/p>\n\n\n\n<p>148 RESSAUD Gilbert<br>149 DEMEURE Suzanne<\/p>\n\n\n\n<p>150 THEVENOUX Fran\u00e7ois<br>\u00b0 07 01 1749 \u00e0 Bert 03<br><em>ma\u00eetre sabotier \u00e0 Bert<br><\/em>151 NESSON (BESSON) Jeanne<br>\u00b0 19 11 1743 \u00e0 Bert 03<\/p>\n\n\n\n<p>156 PERICHON Pierre<br>157 GUYONNET Beno\u00eete<\/p>\n\n\n\n<p>158 RUET Gilbert<br>159 TISSIER Jeanne<\/p>\n\n\n\n<p>160 DANIEL Pierre<br>vigneron<br>161 DESOUY Reine<\/p>\n\n\n\n<p>162 CHAUSSERON Pierre<br>x 06 07 1751 Moulins<br>charbonnier \u00e0 Moulins<br>163 GODET (GAUDER) Louise<\/p>\n\n\n\n<p>166 GUERRE (DEGUIERRE) Jean<br>x 27 06 1758 Moulins<br><em>jardinier<br><\/em>167 JOUTILLON (JOUSSILLON) Marie<br><em>domestique<\/em><\/p>\n\n\n\n<p>168 TONNELIER Jean<br>169 MERCIER Etiennette<\/p>\n\n\n\n<p>170 SAULZAY Jean<br>171 GLANTIER Jacquette<\/p>\n\n\n\n<p>180 LARTIGOT Jean<br>181 VARENNE Marie<\/p>\n\n\n\n<p>182 ROGER Annet<br><em>journalier<br><\/em>183 FRETY Anne<\/p>\n\n\n\n<p>188 BATRET Jean<br>189 BOUGAREL Anne<\/p>\n\n\n\n<p>190 JUNIER Pierre<br>+ 12 03 1784 \u00e0 TRONGET<br>191 BURLAUD Marie<br>+ 31 03 1781<\/p>\n\n\n\n<p>192 MICHEL Jacques<br>x 27 11 1725 Lapalisse 03<br>193 DEREURE Jeanne<\/p>\n\n\n\n<p>194 GUY Michel<br>195 COPIN Claudine<\/p>\n\n\n\n<p>196 JOLLY Antoine<br>197 ROBIN Pierrette<\/p>\n\n\n\n<p>198 DAGAN Jean<br>x 16 02 1751 Lenax 03<br><em>journalier<br><\/em>199 LAFORET Marie<\/p>\n\n\n\n<p>200 MEUNIER Beno\u00eet<br>201 BERNARDET Jeanne<\/p>\n\n\n\n<p>204 GUERAUD Beno\u00eet<br>205 BELOT Gilberte<\/p>\n\n\n\n<p>206 GRAVIERE Jean<br>207 GAILLARD Marguerite<\/p>\n\n\n\n<p>208 PEJOUX Claude<br><em>marchand fermier<br><\/em>209 MINARD Marie<\/p>\n\n\n\n<p>210 LANGLOIS Pierre<br><em>propri\u00e9taire<br><\/em>211 GEIX Georgette<\/p>\n\n\n\n<p>212 BODOLET Valentin<br><em>propri\u00e9taire<br><\/em>213 JOURNET Marie<\/p>\n\n\n\n<p>214 PEJOUX Claude<br>x 16 01 1748 \u00e0 Saligny<br><em>fermier<br><\/em>215 MINARD Marguerite<\/p>\n\n\n\n<p>216 PIESSAT Claude<br>217 DUPRE Anne<\/p>\n\n\n\n<p>218 COULON Annet (Marc ?)<br>219 BREDIN Anne<\/p>\n\n\n\n<p>220 BARBOT (BARBEAU) S\u00e9bastien<br>x 05 02 1754 Le Donjon (Huillaux)<br>221 BOURRACHOT Gilberte<br><em>servante<\/em><\/p>\n\n\n\n<p>222 PARENT Claude<br>x 08 02 1752<br>223 MONIN Marie<\/p>\n\n\n\n<p>224 TALON Gilbert<br><em>journalier<br><\/em>225 TAING Vincente<\/p>\n\n\n\n<p>226 RIFFIER Pierre<br><em>laboureur<br><\/em>227 BARRET Marie<\/p>\n\n\n\n<p>228 SENNEPAIN Beno\u00eet<br>229 THAIN Claudine<\/p>\n\n\n\n<p>230 CORSAIN Fran\u00e7ois<br>231 THAIN Elisabeth<\/p>\n\n\n\n<p>252 JALLAIS Fran\u00e7ois<br>x 09 02 1751 \u00e0 Chapeau<br><em>laboureur<br><\/em>253 DEVAUX Claudine<\/p>\n\n\n\n<p>254 PLEDY Jean<br>ma\u00eetre sabotier<br>255 BERTELIER Anne<br>n\u00e9e \u00e0 Mercy<\/p>\n\n\n\n<h1 class=\"wp-block-heading\">9 \u00e8me g\u00e9n\u00e9ration<\/h1>\n\n\n\n<p>256 CHERASSE Jean<br>x 16 08 1712 \u00e0 Bouc\u00e9<br><em>journalier \u00e0 Cindr\u00e9 03<br><\/em>257 LABOURBE Jacqueline<br>Veuve d\u2019Etienne SABOT<\/p>\n\n\n\n<p>258 MINARD Jean<br><em>journalier \u00e0 Chatelperron 03<br><\/em>259 GEORGE Pierrette<\/p>\n\n\n\n<p>268 MARIE (MAIRE) Jean<br>x 10 01 1736 Chatelperron<br>+ 08 04 1744 Chatelperron<br><em>propri\u00e9taire \u00e0 Chatelperron 03<br><\/em>269 BAIN Blaisine<\/p>\n\n\n\n<p>270 BASSOT Jacques<br>x 04 02 1738 St Pour\u00e7ain \/ Besbre<br>271 BONNET Elisabeth<\/p>\n\n\n\n<p>284 CANTAT Jeanne<br>285 DORMEUR Gasparde<\/p>\n\n\n\n<p>286 DUFOUR Louis<br>287 SAYET Claudine<\/p>\n\n\n\n<p>300 THEVENOUX Annet<br>x 17 11 1705 \u00e0 Bert 03<br>301 REMILLE Isabelle<\/p>\n\n\n\n<p>302 BESSON Pierre<br>x 23 06 1723 \u00e0 Bert 03<br><em>charpentier<br><\/em>303 CHOARD Jeanne<\/p>\n\n\n\n<p>316 RUET Fran\u00e7ois<br>317 TURPIN Claudine<\/p>\n\n\n\n<p>318 TIXIER Michel<br>319 TIXIER Antoinette<\/p>\n\n\n\n<p>324 CHAUSSERON Jacques<br>325 PRUGNIER Anne<\/p>\n\n\n\n<p>326 GAUDET Antoine<br>+ Bellenaves<br>327 GIRAUDIER Marie<br>St Vinerand de Veaux 63<\/p>\n\n\n\n<p>332 DEGUIERRE Blaise<br><em>jardinier<br><\/em>333 CARDE Marie<\/p>\n\n\n\n<p>334 JOUTILLON Fran\u00e7ois<br><em>laboureur \u00e0 Lusigny<br><\/em>335 MARMION Jeanne<\/p>\n\n\n\n<p>386 DEREURE Antoine<br>387 DEPALLES Magdeleine<\/p>\n\n\n\n<p>440 BARBAUD Jean<br>441 ROUILLET(ROUSSET)Marguerite<\/p>\n\n\n\n<p>442 BOURACHOT Fran\u00e7ois<br>x 10 01 1720 Le Donjon<br>443 MELIEURET Marie<\/p>\n\n\n\n<p>444 PARENT Beno\u00eet<br>445 LAFOREST Antoinette<\/p>\n\n\n\n<p>446 MONIN Jean<br>x 17 11 1716 Liernolles<br>447 FAVIER Catherine<\/p>\n\n\n\n<p>502 JALLET Jacques<br>x 19 02 1705 \u00e0 Saint-Voir<br>503 CORSIN Marie<\/p>\n\n\n\n<p>504 JALLET Jacques<br>x 19 02 1705 \u00e0 Saint- Voir<br>505 CORSAIN Marie<\/p>\n\n\n\n<p>506 DEVAUD Blaise<br>507 REVERET Marie<\/p>\n\n\n\n<h1 class=\"wp-block-heading\">10 \u00e8me g\u00e9n\u00e9ration<\/h1>\n\n\n\n<p>538 BAIN (BAYN) Claude<br>x 26 01 1688 Lapalisse ( Lubier)<br>539 MORLAT (MOSLAT) Blaize<\/p>\n\n\n\n<p>600 THEVENOUX No\u00ebl<br>601 COUDERIE Marie<\/p>\n\n\n\n<p>602 REMILLE Jean<br>\u00b0 1660<br>x 15 10 1683 \u00e0 Bert 03<br>+ 27 09 1721 \u00e0 Bert<br>603 BONNET Marie<br>+ 01 11 1739 \u00e0 Bert<\/p>\n\n\n\n<p>604 BESSON Pierre<br>x 24 11 1693 \u00e0 Bert 03<br><em>charpentier<br><\/em>605 GOLIARD Jeanne<\/p>\n\n\n\n<p>606 CHOARD (CHOIX) Jean<br>x 17 08 1688 \u00e0 Bert 03<br>607 GOYARD Marie<br>+ 12 03 1750 \u00e0 Bert<\/p>\n\n\n\n<p>1004 JALLET Guy<br>1005 BEGUIN Elisabeth<\/p>\n\n\n\n<p>1006 CORSIN Jacques<br>1007 CHASSENET Claude<\/p>\n\n\n\n<h1 class=\"wp-block-heading\">11 \u00e8me g\u00e9n\u00e9ration<\/h1>\n\n\n\n<p>1076 BAIN Claude<br>x 12 02 1651 Lapalisse<br>1077 BAIN Charlotte<\/p>\n\n\n\n<p>1078 MORLAT Jean<br>1079 BARATIN Jeanne<\/p>\n\n\n\n<p>1204 REMILLE Fran\u00e7ois<br>1205 ALIZARD Catherine<\/p>\n\n\n\n<p>1206 BONNET Beno\u00eet<br>+ 27 07 1676 \u00e0 Bert 03<br>1207 MONTUIS Mayeule<br>+ 08 02 1651 Monteigner<\/p>\n\n\n\n<p>1208 BESSON Beno\u00eet<br>1209 PALLEBOST Philiberte<\/p>\n\n\n\n<p>1210 GOLIAR Jean<br>1211 SENNEPIN Pierrette<\/p>\n\n\n\n<p>1212 CHOIX Gr\u00e9goire<br>x 06 06 1660 Chassenay Le Donj.<br>+ 09 03 1705 Loddes 03<br>1213 BELOT Jeanne<br>+ 29 10 1704 Bert 03<\/p>\n\n\n\n<p>1214 GOYARD Claude<br>x 15 09 1669<br>1215 LARCHIER Pierrette<br>+ 10 04 1679 \u00e0 Bert 03<\/p>\n\n\n\n<h1 class=\"wp-block-heading\">12 \u00e8me g\u00e9n\u00e9ration<\/h1>\n\n\n\n<p>2152 BAIN Gilbert<br>2153 JACQUET Jehanne<\/p>\n\n\n\n<p>2154 BAIN Claude<br>2155 PAPON Benoiste<\/p>\n\n\n\n<p>2424 CHOIX Fran\u00e7ois<br>+ 10 05 1692 Bert<br>2425 BELOT Jeanne<\/p>\n\n\n\n<p>2426 BELOT Jacques<br>x 17 06 1646 Le Donjon (Milleray)<br>2427 REBOURJON Jeanne<br>+ 10 05 1682 Bert<\/p>\n\n\n\n<p>2428 GOYARD Toussaint<br>+ 24 01 1684 Bert<br>2429 CHARNAY Pierrette<\/p>\n\n\n\n<p class=\"has-medium-font-size\">2430 LARCHER Philibert<br>x 26 11 1641<br>+ 15 04 1688 \u00e0 Bert 03<br>2431 LANCIEN Philiberte<br>+ 26 04 1688 \u00e0 Bert 03<\/p>\n","protected":false},"excerpt":{"rendered":"<p>Voici mon arbre g\u00e9n\u00e9alogique 1\u00e8re G\u00e9n\u00e9ration 1 CHERASSE Daniel Claude\u00b0 11 09 1939 Thionne 03x 01 08 1961 Watrelos 59x 26 11 2000 St Julien 69 2\u00e8me G\u00e9n\u00e9ration 2 CHERASSE Henri Marius\u00b0 11 08 1915 Clermont Fd 63x 26 11 1938 \u00e0 Thionne 03+1968 Thionne 03boulanger3 MICHEL Jeanne\u00b0 24 01 1914 St Pour\u00e7ain sB+ 08 &#8230; <a title=\"Arbre g\u00e9n\u00e9alogique\" class=\"read-more\" href=\"https:\/\/cherasse.com\/index.php\/arbre-genealogique\/\" aria-label=\"En savoir plus sur Arbre g\u00e9n\u00e9alogique\">Lire la suite<\/a><\/p>\n","protected":false},"author":1,"featured_media":0,"parent":0,"menu_order":3,"comment_status":"closed","ping_status":"closed","template":"","meta":{"footnotes":""},"class_list":["post-83","page","type-page","status-publish"],"_links":{"self":[{"href":"https:\/\/cherasse.com\/index.php\/wp-json\/wp\/v2\/pages\/83","targetHints":{"allow":["GET"]}}],"collection":[{"href":"https:\/\/cherasse.com\/index.php\/wp-json\/wp\/v2\/pages"}],"about":[{"href":"https:\/\/cherasse.com\/index.php\/wp-json\/wp\/v2\/types\/page"}],"author":[{"embeddable":true,"href":"https:\/\/cherasse.com\/index.php\/wp-json\/wp\/v2\/users\/1"}],"replies":[{"embeddable":true,"href":"https:\/\/cherasse.com\/index.php\/wp-json\/wp\/v2\/comments?post=83"}],"version-history":[{"count":3,"href":"https:\/\/cherasse.com\/index.php\/wp-json\/wp\/v2\/pages\/83\/revisions"}],"predecessor-version":[{"id":91,"href":"https:\/\/cherasse.com\/index.php\/wp-json\/wp\/v2\/pages\/83\/revisions\/91"}],"wp:attachment":[{"href":"https:\/\/cherasse.com\/index.php\/wp-json\/wp\/v2\/media?parent=83"}],"curies":[{"name":"wp","href":"https:\/\/api.w.org\/{rel}","templated":true}]}}